{"id":12,"date":"2021-03-18T13:28:00","date_gmt":"2021-03-18T16:28:00","guid":{"rendered":"http:\/\/atlantisdobrasil.com\/blog\/?page_id=12"},"modified":"2022-08-17T10:33:25","modified_gmt":"2022-08-17T13:33:25","slug":"sobre","status":"publish","type":"page","link":"https:\/\/atlantisdobrasil.com\/blog\/sobre\/","title":{"rendered":"Sobre"},"content":{"rendered":"\n<p class=\"has-medium-font-size\">Este \u00e9 o Blog de conte\u00fado da Atlantis Consultoria, criado para compartilharmos\u00a0conhecimentos sobre redu\u00e7\u00e3o de custos, aumento de efici\u00eancia, automa\u00e7\u00e3o de processos e finan\u00e7as.<\/p>\n\n\n\n<p class=\"has-medium-font-size\">Esta p\u00e1gina \u00e9 mantida por nossos consultores, que frequentemente compartilham materiais valiosos, que ajudar\u00e3o voc\u00ea na administra\u00e7\u00e3o de seu neg\u00f3cio.<\/p>\n\n\n\n<p class=\"has-medium-font-size\">Voc\u00ea pode entrar em contato conosco pelo e-mail <a href=\"mailto:contato@atlantisdobrasil.com\">marketing@atlantisdobrasil.com<\/a>.<\/p>\n\n\n\n<p class=\"has-medium-font-size\">Encaminhe suas d\u00favidas sobre gest\u00e3o ou sugest\u00f5es de temas para debatermos, vamos nos conectar.<\/p>\n","protected":false},"excerpt":{"rendered":"<p>Este \u00e9 o Blog de conte\u00fado da Atlantis Consultoria, criado para compartilharmos\u00a0conhecimentos sobre redu\u00e7\u00e3o de custos, aumento de efici\u00eancia, automa\u00e7\u00e3o de processos e finan\u00e7as. Esta p\u00e1gina \u00e9 mantida por nossos consultores, que frequentemente compartilham materiais valiosos, que ajudar\u00e3o voc\u00ea na administra\u00e7\u00e3o de seu neg\u00f3cio. Voc\u00ea pode entrar em contato conosco pelo e-mail marketing@atlantisdobrasil.com. Encaminhe suas d\u00favidas sobre gest\u00e3o ou sugest\u00f5es de temas para debatermos, vamos nos conectar.<\/p>\n","protected":false},"author":1,"featured_media":0,"parent":0,"menu_order":0,"comment_status":"closed","ping_status":"closed","template":"","meta":{"footnotes":""},"class_list":["post-12","page","type-page","status-publish","hentry"],"yoast_head":"<!-- This site is optimized with the Yoast SEO plugin v16.0.2 - https:\/\/yoast.com\/wordpress\/plugins\/seo\/ -->\n<title>Sobre - Blog Atlantis Consultoria<\/title>\n<link rel=\"canonical\" href=\"https:\/\/atlantisdobrasil.com\/blog\/sobre\/\" \/>\n<meta property=\"og:locale\" content=\"pt_BR\" \/>\n<meta property=\"og:type\" content=\"article\" \/>\n<meta property=\"og:title\" content=\"Sobre - Blog Atlantis Consultoria\" \/>\n<meta property=\"og:description\" content=\"Este \u00e9 o Blog de conte\u00fado da Atlantis Consultoria, criado para compartilharmos\u00a0conhecimentos sobre redu\u00e7\u00e3o de custos, aumento de efici\u00eancia, automa\u00e7\u00e3o de processos e finan\u00e7as. Esta p\u00e1gina \u00e9 mantida por nossos consultores, que frequentemente compartilham materiais valiosos, que ajudar\u00e3o voc\u00ea na administra\u00e7\u00e3o de seu neg\u00f3cio. Voc\u00ea pode entrar em contato conosco pelo e-mail marketing@atlantisdobrasil.com. Encaminhe suas d\u00favidas sobre gest\u00e3o ou sugest\u00f5es de temas para debatermos, vamos nos conectar.\" \/>\n<meta property=\"og:url\" content=\"https:\/\/atlantisdobrasil.com\/blog\/sobre\/\" \/>\n<meta property=\"og:site_name\" content=\"Blog Atlantis Consultoria\" \/>\n<meta property=\"article:modified_time\" content=\"2022-08-17T13:33:25+00:00\" \/>\n<meta name=\"twitter:card\" content=\"summary_large_image\" \/>\n<meta name=\"twitter:label1\" content=\"Est. tempo de leitura\">\n\t<meta name=\"twitter:data1\" content=\"1 minuto\">\n<script type=\"application\/ld+json\" class=\"yoast-schema-graph\">{\"@context\":\"https:\/\/schema.org\",\"@graph\":[{\"@type\":\"WebSite\",\"@id\":\"https:\/\/atlantisdobrasil.com\/blog\/#website\",\"url\":\"https:\/\/atlantisdobrasil.com\/blog\/\",\"name\":\"Blog Atlantis Consultoria\",\"description\":\"Efici\\u00eancia em Finan\\u00e7as\",\"potentialAction\":[{\"@type\":\"SearchAction\",\"target\":\"https:\/\/atlantisdobrasil.com\/blog\/?s={search_term_string}\",\"query-input\":\"required name=search_term_string\"}],\"inLanguage\":\"pt-BR\"},{\"@type\":\"WebPage\",\"@id\":\"https:\/\/atlantisdobrasil.com\/blog\/sobre\/#webpage\",\"url\":\"https:\/\/atlantisdobrasil.com\/blog\/sobre\/\",\"name\":\"Sobre - Blog Atlantis Consultoria\",\"isPartOf\":{\"@id\":\"https:\/\/atlantisdobrasil.com\/blog\/#website\"},\"datePublished\":\"2021-03-18T16:28:00+00:00\",\"dateModified\":\"2022-08-17T13:33:25+00:00\",\"breadcrumb\":{\"@id\":\"https:\/\/atlantisdobrasil.com\/blog\/sobre\/#breadcrumb\"},\"inLanguage\":\"pt-BR\",\"potentialAction\":[{\"@type\":\"ReadAction\",\"target\":[\"https:\/\/atlantisdobrasil.com\/blog\/sobre\/\"]}]},{\"@type\":\"BreadcrumbList\",\"@id\":\"https:\/\/atlantisdobrasil.com\/blog\/sobre\/#breadcrumb\",\"itemListElement\":[{\"@type\":\"ListItem\",\"position\":1,\"item\":{\"@type\":\"WebPage\",\"@id\":\"https:\/\/atlantisdobrasil.com\/blog\/\",\"url\":\"https:\/\/atlantisdobrasil.com\/blog\/\",\"name\":\"In\\u00edcio\"}},{\"@type\":\"ListItem\",\"position\":2,\"item\":{\"@type\":\"WebPage\",\"@id\":\"https:\/\/atlantisdobrasil.com\/blog\/sobre\/\",\"url\":\"https:\/\/atlantisdobrasil.com\/blog\/sobre\/\",\"name\":\"Sobre\"}}]}]}<\/script>\n<!-- \/ Yoast SEO plugin. -->","_links":{"self":[{"href":"https:\/\/atlantisdobrasil.com\/blog\/wp-json\/wp\/v2\/pages\/12","targetHints":{"allow":["GET"]}}],"collection":[{"href":"https:\/\/atlantisdobrasil.com\/blog\/wp-json\/wp\/v2\/pages"}],"about":[{"href":"https:\/\/atlantisdobrasil.com\/blog\/wp-json\/wp\/v2\/types\/page"}],"author":[{"embeddable":true,"href":"https:\/\/atlantisdobrasil.com\/blog\/wp-json\/wp\/v2\/users\/1"}],"replies":[{"embeddable":true,"href":"https:\/\/atlantisdobrasil.com\/blog\/wp-json\/wp\/v2\/comments?post=12"}],"version-history":[{"count":12,"href":"https:\/\/atlantisdobrasil.com\/blog\/wp-json\/wp\/v2\/pages\/12\/revisions"}],"predecessor-version":[{"id":89,"href":"https:\/\/atlantisdobrasil.com\/blog\/wp-json\/wp\/v2\/pages\/12\/revisions\/89"}],"wp:attachment":[{"href":"https:\/\/atlantisdobrasil.com\/blog\/wp-json\/wp\/v2\/media?parent=12"}],"curies":[{"name":"wp","href":"https:\/\/api.w.org\/{rel}","templated":true}]}}